{"id":3,"date":"2025-07-09T13:47:40","date_gmt":"2025-07-09T13:47:40","guid":{"rendered":"http:\/\/provinlait.fr\/?page_id=3"},"modified":"2025-10-08T15:34:26","modified_gmt":"2025-10-08T13:34:26","slug":"privacy-policy","status":"publish","type":"page","link":"https:\/\/provinlait.fr\/index.php\/privacy-policy\/","title":{"rendered":"Politique de confidentialit\u00e9"},"content":{"rendered":"\n<h2 class=\"wp-block-heading\">Qui vous \u00eates <\/h2>\n\n\n\n<p>Votre adresse de site web est : http:\/\/provinlait.fr.<\/p>\n\n\n\n<h2 class=\"wp-block-heading\">Commentaires<\/h2>\n\n\n\n<p>Lorsque les visiteurs laissent des commentaires sur le site, nous collectons les donn\u00e9es affich\u00e9es dans le formulaire de commentaires, ainsi que l\u2019adresse IP du visiteur et la cha\u00eene de l\u2019agent utilisateur du navigateur pour aider \u00e0 la d\u00e9tection du spam.<\/p>\n\n\n\n<p>Une cha\u00eene anonymis\u00e9e cr\u00e9\u00e9e \u00e0 partir de votre adresse e-mail (\u00e9galement appel\u00e9e hachage) peut \u00eatre fournie au service Gravatar pour v\u00e9rifier si vous l&rsquo;utilisez. La politique de confidentialit\u00e9 du service Gravatar est disponible ici\u00a0: https:\/\/automattic.com\/privacy\/. Apr\u00e8s validation de votre commentaire, votre photo de profil sera visible publiquement \u00e0 c\u00f4t\u00e9 de votre commentaire.<\/p>\n\n\n\n<h2 class=\"wp-block-heading\">Media<\/h2>\n\n\n\n<p>Si vous t\u00e9l\u00e9chargez des images sur le site web, \u00e9vitez celles contenant des donn\u00e9es de localisation EXIF GPS. Les visiteurs du site web peuvent t\u00e9l\u00e9charger et extraire ces donn\u00e9es de localisation.<\/p>\n\n\n\n<h2 class=\"wp-block-heading\">Cookies<\/h2>\n\n\n\n<p>Si vous laissez un commentaire sur notre site, vous pouvez choisir d&rsquo;enregistrer votre nom, votre adresse e-mail et votre site web dans des cookies. Ces cookies sont uniquement destin\u00e9s \u00e0 votre confort afin de vous \u00e9viter d&rsquo;avoir \u00e0 les saisir \u00e0 nouveau lorsque vous laisserez un autre commentaire. Ces cookies dureront un an.<\/p>\n\n\n\n<p>Si vous visitez notre page de connexion, nous installerons un cookie temporaire afin de d\u00e9terminer si votre navigateur accepte les cookies. Ce cookie ne contient aucune donn\u00e9e personnelle et sera supprim\u00e9 lorsque vous fermerez votre navigateur.<\/p>\n\n\n\n<p>Lorsque vous vous connectez, nous utilisons \u00e9galement plusieurs cookies pour enregistrer vos informations de connexion et vos pr\u00e9f\u00e9rences d&rsquo;affichage. La dur\u00e9e de vie d&rsquo;un cookie de connexion est de deux jours et celle d&rsquo;un cookie d&rsquo;option d&rsquo;affichage est d&rsquo;un an. Si vous cochez \u00ab\u00a0Se souvenir de moi\u00a0\u00bb, votre connexion sera conserv\u00e9e pendant deux semaines. Si vous vous d\u00e9connectez de votre compte, les cookies de connexion seront supprim\u00e9s.<\/p>\n\n\n\n<p>Si vous modifiez ou publiez un article, un cookie suppl\u00e9mentaire sera enregistr\u00e9 dans votre navigateur. Ce cookie ne contient aucune donn\u00e9e personnelle et indique simplement l&rsquo;identifiant de l&rsquo;article que vous venez de modifier. Il expire au bout d&rsquo;un jour.<\/p>\n\n\n\n<h2 class=\"wp-block-heading\">Contenu int\u00e9gr\u00e9 provenant d&rsquo;autres sites Web<\/h2>\n\n\n\n<p>Les articles de ce site peuvent inclure du contenu int\u00e9gr\u00e9 (par exemple, des vid\u00e9os, des images, des articles, etc.). Le contenu int\u00e9gr\u00e9 provenant d&rsquo;autres sites web se comporte exactement de la m\u00eame mani\u00e8re que si le visiteur avait visit\u00e9 cet autre site web.<\/p>\n\n\n\n<p>Ces sites Web peuvent collecter des donn\u00e9es vous concernant, utiliser des cookies, int\u00e9grer un suivi tiers suppl\u00e9mentaire et surveiller votre interaction avec ce contenu int\u00e9gr\u00e9, y compris le suivi de votre interaction avec le contenu int\u00e9gr\u00e9 si vous avez un compte et \u00eates connect\u00e9 \u00e0 ce site Web.<\/p>\n\n\n\n<h2 class=\"wp-block-heading\">Avec qui partageons-nous vos donn\u00e9es<\/h2>\n\n\n\n<p>Si vous demandez une r\u00e9initialisation de mot de passe, votre adresse IP sera incluse dans l&rsquo;e-mail de r\u00e9initialisation.<\/p>\n\n\n\n<h2 class=\"wp-block-heading\">Combien de temps conservons-nous vos donn\u00e9es<\/h2>\n\n\n\n<p>Si vous laissez un commentaire, celui-ci et ses m\u00e9tadonn\u00e9es sont conserv\u00e9s ind\u00e9finiment. Cela nous permet de reconna\u00eetre et d&rsquo;approuver automatiquement les commentaires suivants, au lieu de les laisser dans la file de mod\u00e9ration.<\/p>\n\n\n\n<p>Pour les utilisateurs qui s&rsquo;inscrivent sur notre site web (le cas \u00e9ch\u00e9ant), nous stockons \u00e9galement les informations personnelles qu&rsquo;ils fournissent dans leur profil. Tous les utilisateurs peuvent consulter, modifier ou supprimer leurs informations personnelles \u00e0 tout moment (\u00e0 l&rsquo;exception de leur nom d&rsquo;utilisateur). Les administrateurs du site web peuvent \u00e9galement consulter et modifier ces informations.<\/p>\n\n\n\n<h2 class=\"wp-block-heading\">Quels droits avez-vous sur vos donn\u00e9es ?<\/h2>\n\n\n\n<p>Si vous avez un compte sur ce site ou si vous avez laiss\u00e9 des commentaires, vous pouvez demander \u00e0 recevoir un fichier contenant toutes les donn\u00e9es personnelles que nous d\u00e9tenons \u00e0 votre sujet, y compris celles que vous nous avez fournies. Vous pouvez \u00e9galement demander la suppression de toutes les donn\u00e9es personnelles vous concernant. Cela ne prend pas en compte les donn\u00e9es que nous sommes tenus de conserver \u00e0 des fins administratives, l\u00e9gales ou de s\u00e9curit\u00e9.<\/p>\n\n\n\n<h2 class=\"wp-block-heading\">O\u00f9 vos donn\u00e9es sont envoy\u00e9es ?<\/h2>\n\n\n\n<p>Les commentaires des visiteurs peuvent \u00eatre v\u00e9rifi\u00e9s via un service automatis\u00e9 de d\u00e9tection de spam.<\/p>\n","protected":false},"excerpt":{"rendered":"<p>Qui vous \u00eates Votre adresse de site web est : http:\/\/provinlait.fr. Commentaires Lorsque les visiteurs laissent des commentaires sur le [&hellip;]<\/p>\n","protected":false},"author":1,"featured_media":0,"parent":0,"menu_order":0,"comment_status":"closed","ping_status":"closed","template":"","meta":{"site-sidebar-layout":"default","site-content-layout":"","ast-site-content-layout":"default","site-content-style":"default","site-sidebar-style":"default","ast-global-header-display":"","ast-banner-title-visibility":"","ast-main-header-display":"","ast-hfb-above-header-display":"","ast-hfb-below-header-display":"","ast-hfb-mobile-header-display":"","site-post-title":"","ast-breadcrumbs-content":"","ast-featured-img":"","footer-sml-layout":"","theme-transparent-header-meta":"","adv-header-id-meta":"","stick-header-meta":"","header-above-stick-meta":"","header-main-stick-meta":"","header-below-stick-meta":"","astra-migrate-meta-layouts":"default","ast-page-background-enabled":"default","ast-page-background-meta":{"desktop":{"background-color":"var(--ast-global-color-5)","background-image":"","background-repeat":"repeat","background-position":"center center","background-size":"auto","background-attachment":"scroll","background-type":"","background-media":"","overlay-type":"","overlay-color":"","overlay-opacity":"","overlay-gradient":""},"tablet":{"background-color":"","background-image":"","background-repeat":"repeat","background-position":"center center","background-size":"auto","background-attachment":"scroll","background-type":"","background-media":"","overlay-type":"","overlay-color":"","overlay-opacity":"","overlay-gradient":""},"mobile":{"background-color":"","background-image":"","background-repeat":"repeat","background-position":"center center","background-size":"auto","background-attachment":"scroll","background-type":"","background-media":"","overlay-type":"","overlay-color":"","overlay-opacity":"","overlay-gradient":""}},"ast-content-background-meta":{"desktop":{"background-color":"var(--ast-global-color-4)","background-image":"","background-repeat":"repeat","background-position":"center center","background-size":"auto","background-attachment":"scroll","background-type":"","background-media":"","overlay-type":"","overlay-color":"","overlay-opacity":"","overlay-gradient":""},"tablet":{"background-color":"var(--ast-global-color-4)","background-image":"","background-repeat":"repeat","background-position":"center center","background-size":"auto","background-attachment":"scroll","background-type":"","background-media":"","overlay-type":"","overlay-color":"","overlay-opacity":"","overlay-gradient":""},"mobile":{"background-color":"var(--ast-global-color-4)","background-image":"","background-repeat":"repeat","background-position":"center center","background-size":"auto","background-attachment":"scroll","background-type":"","background-media":"","overlay-type":"","overlay-color":"","overlay-opacity":"","overlay-gradient":""}},"footnotes":""},"class_list":["post-3","page","type-page","status-publish","hentry"],"yoast_head":"<!-- This site is optimized with the Yoast SEO plugin v26.4 - https:\/\/yoast.com\/wordpress\/plugins\/seo\/ -->\n<title>Politique de confidentialit\u00e9 - Provinlait | R\u00e9quista (12)<\/title>\n<meta name=\"description\" content=\"Politique de confidentialit\u00e9 du salon Provinlait - Le salon des professionnels de la brebis laiti\u00e8re \u00e0 R\u00e9quista (12).\" \/>\n<meta name=\"robots\" content=\"index, follow, max-snippet:-1, max-image-preview:large, max-video-preview:-1\" \/>\n<link rel=\"canonical\" href=\"https:\/\/provinlait.fr\/index.php\/privacy-policy\/\" \/>\n<meta property=\"og:locale\" content=\"fr_FR\" \/>\n<meta property=\"og:type\" content=\"article\" \/>\n<meta property=\"og:title\" content=\"Politique de confidentialit\u00e9 - Provinlait | R\u00e9quista (12)\" \/>\n<meta property=\"og:description\" content=\"Politique de confidentialit\u00e9 du salon Provinlait - Le salon des professionnels de la brebis laiti\u00e8re \u00e0 R\u00e9quista (12).\" \/>\n<meta property=\"og:url\" content=\"https:\/\/provinlait.fr\/index.php\/privacy-policy\/\" \/>\n<meta property=\"og:site_name\" content=\"Provinlait\" \/>\n<meta property=\"article:publisher\" content=\"https:\/\/www.facebook.com\/provinlait\/\" \/>\n<meta property=\"article:modified_time\" content=\"2025-10-08T13:34:26+00:00\" \/>\n<meta name=\"twitter:card\" content=\"summary_large_image\" \/>\n<meta name=\"twitter:label1\" content=\"Dur\u00e9e de lecture estim\u00e9e\" \/>\n\t<meta name=\"twitter:data1\" content=\"4 minutes\" \/>\n<script type=\"application\/ld+json\" class=\"yoast-schema-graph\">{\"@context\":\"https:\/\/schema.org\",\"@graph\":[{\"@type\":\"WebPage\",\"@id\":\"https:\/\/provinlait.fr\/index.php\/privacy-policy\/\",\"url\":\"https:\/\/provinlait.fr\/index.php\/privacy-policy\/\",\"name\":\"Politique de confidentialit\u00e9 - Provinlait | R\u00e9quista (12)\",\"isPartOf\":{\"@id\":\"https:\/\/provinlait.fr\/#website\"},\"datePublished\":\"2025-07-09T13:47:40+00:00\",\"dateModified\":\"2025-10-08T13:34:26+00:00\",\"description\":\"Politique de confidentialit\u00e9 du salon Provinlait - Le salon des professionnels de la brebis laiti\u00e8re \u00e0 R\u00e9quista (12).\",\"breadcrumb\":{\"@id\":\"https:\/\/provinlait.fr\/index.php\/privacy-policy\/#breadcrumb\"},\"inLanguage\":\"fr-FR\",\"potentialAction\":[{\"@type\":\"ReadAction\",\"target\":[\"https:\/\/provinlait.fr\/index.php\/privacy-policy\/\"]}]},{\"@type\":\"BreadcrumbList\",\"@id\":\"https:\/\/provinlait.fr\/index.php\/privacy-policy\/#breadcrumb\",\"itemListElement\":[{\"@type\":\"ListItem\",\"position\":1,\"name\":\"Accueil\",\"item\":\"https:\/\/provinlait.fr\/\"},{\"@type\":\"ListItem\",\"position\":2,\"name\":\"Politique de confidentialit\u00e9\"}]},{\"@type\":\"WebSite\",\"@id\":\"https:\/\/provinlait.fr\/#website\",\"url\":\"https:\/\/provinlait.fr\/\",\"name\":\"Provinlait\",\"description\":\"Le salon des professionnels de la brebis laiti\u00e8re \u00e0 R\u00e9quista (12)\",\"publisher\":{\"@id\":\"https:\/\/provinlait.fr\/#organization\"},\"potentialAction\":[{\"@type\":\"SearchAction\",\"target\":{\"@type\":\"EntryPoint\",\"urlTemplate\":\"https:\/\/provinlait.fr\/?s={search_term_string}\"},\"query-input\":{\"@type\":\"PropertyValueSpecification\",\"valueRequired\":true,\"valueName\":\"search_term_string\"}}],\"inLanguage\":\"fr-FR\"},{\"@type\":\"Organization\",\"@id\":\"https:\/\/provinlait.fr\/#organization\",\"name\":\"Provinlait\",\"url\":\"https:\/\/provinlait.fr\/\",\"logo\":{\"@type\":\"ImageObject\",\"inLanguage\":\"fr-FR\",\"@id\":\"https:\/\/provinlait.fr\/#\/schema\/logo\/image\/\",\"url\":\"https:\/\/provinlait.fr\/wp-content\/uploads\/2025\/07\/Logo-1.png\",\"contentUrl\":\"https:\/\/provinlait.fr\/wp-content\/uploads\/2025\/07\/Logo-1.png\",\"width\":1013,\"height\":424,\"caption\":\"Provinlait\"},\"image\":{\"@id\":\"https:\/\/provinlait.fr\/#\/schema\/logo\/image\/\"},\"sameAs\":[\"https:\/\/www.facebook.com\/provinlait\/\",\"https:\/\/www.instagram.com\/provinlait\/\"]}]}<\/script>\n<!-- \/ Yoast SEO plugin. -->","yoast_head_json":{"title":"Politique de confidentialit\u00e9 - Provinlait | R\u00e9quista (12)","description":"Politique de confidentialit\u00e9 du salon Provinlait - Le salon des professionnels de la brebis laiti\u00e8re \u00e0 R\u00e9quista (12).","robots":{"index":"index","follow":"follow","max-snippet":"max-snippet:-1","max-image-preview":"max-image-preview:large","max-video-preview":"max-video-preview:-1"},"canonical":"https:\/\/provinlait.fr\/index.php\/privacy-policy\/","og_locale":"fr_FR","og_type":"article","og_title":"Politique de confidentialit\u00e9 - Provinlait | R\u00e9quista (12)","og_description":"Politique de confidentialit\u00e9 du salon Provinlait - Le salon des professionnels de la brebis laiti\u00e8re \u00e0 R\u00e9quista (12).","og_url":"https:\/\/provinlait.fr\/index.php\/privacy-policy\/","og_site_name":"Provinlait","article_publisher":"https:\/\/www.facebook.com\/provinlait\/","article_modified_time":"2025-10-08T13:34:26+00:00","twitter_card":"summary_large_image","twitter_misc":{"Dur\u00e9e de lecture estim\u00e9e":"4 minutes"},"schema":{"@context":"https:\/\/schema.org","@graph":[{"@type":"WebPage","@id":"https:\/\/provinlait.fr\/index.php\/privacy-policy\/","url":"https:\/\/provinlait.fr\/index.php\/privacy-policy\/","name":"Politique de confidentialit\u00e9 - Provinlait | R\u00e9quista (12)","isPartOf":{"@id":"https:\/\/provinlait.fr\/#website"},"datePublished":"2025-07-09T13:47:40+00:00","dateModified":"2025-10-08T13:34:26+00:00","description":"Politique de confidentialit\u00e9 du salon Provinlait - Le salon des professionnels de la brebis laiti\u00e8re \u00e0 R\u00e9quista (12).","breadcrumb":{"@id":"https:\/\/provinlait.fr\/index.php\/privacy-policy\/#breadcrumb"},"inLanguage":"fr-FR","potentialAction":[{"@type":"ReadAction","target":["https:\/\/provinlait.fr\/index.php\/privacy-policy\/"]}]},{"@type":"BreadcrumbList","@id":"https:\/\/provinlait.fr\/index.php\/privacy-policy\/#breadcrumb","itemListElement":[{"@type":"ListItem","position":1,"name":"Accueil","item":"https:\/\/provinlait.fr\/"},{"@type":"ListItem","position":2,"name":"Politique de confidentialit\u00e9"}]},{"@type":"WebSite","@id":"https:\/\/provinlait.fr\/#website","url":"https:\/\/provinlait.fr\/","name":"Provinlait","description":"Le salon des professionnels de la brebis laiti\u00e8re \u00e0 R\u00e9quista (12)","publisher":{"@id":"https:\/\/provinlait.fr\/#organization"},"potentialAction":[{"@type":"SearchAction","target":{"@type":"EntryPoint","urlTemplate":"https:\/\/provinlait.fr\/?s={search_term_string}"},"query-input":{"@type":"PropertyValueSpecification","valueRequired":true,"valueName":"search_term_string"}}],"inLanguage":"fr-FR"},{"@type":"Organization","@id":"https:\/\/provinlait.fr\/#organization","name":"Provinlait","url":"https:\/\/provinlait.fr\/","logo":{"@type":"ImageObject","inLanguage":"fr-FR","@id":"https:\/\/provinlait.fr\/#\/schema\/logo\/image\/","url":"https:\/\/provinlait.fr\/wp-content\/uploads\/2025\/07\/Logo-1.png","contentUrl":"https:\/\/provinlait.fr\/wp-content\/uploads\/2025\/07\/Logo-1.png","width":1013,"height":424,"caption":"Provinlait"},"image":{"@id":"https:\/\/provinlait.fr\/#\/schema\/logo\/image\/"},"sameAs":["https:\/\/www.facebook.com\/provinlait\/","https:\/\/www.instagram.com\/provinlait\/"]}]}},"_links":{"self":[{"href":"https:\/\/provinlait.fr\/index.php\/wp-json\/wp\/v2\/pages\/3","targetHints":{"allow":["GET"]}}],"collection":[{"href":"https:\/\/provinlait.fr\/index.php\/wp-json\/wp\/v2\/pages"}],"about":[{"href":"https:\/\/provinlait.fr\/index.php\/wp-json\/wp\/v2\/types\/page"}],"author":[{"embeddable":true,"href":"https:\/\/provinlait.fr\/index.php\/wp-json\/wp\/v2\/users\/1"}],"replies":[{"embeddable":true,"href":"https:\/\/provinlait.fr\/index.php\/wp-json\/wp\/v2\/comments?post=3"}],"version-history":[{"count":3,"href":"https:\/\/provinlait.fr\/index.php\/wp-json\/wp\/v2\/pages\/3\/revisions"}],"predecessor-version":[{"id":1136,"href":"https:\/\/provinlait.fr\/index.php\/wp-json\/wp\/v2\/pages\/3\/revisions\/1136"}],"wp:attachment":[{"href":"https:\/\/provinlait.fr\/index.php\/wp-json\/wp\/v2\/media?parent=3"}],"curies":[{"name":"wp","href":"https:\/\/api.w.org\/{rel}","templated":true}]}}